{"id":87,"date":"2017-03-13T10:26:44","date_gmt":"2017-03-13T09:26:44","guid":{"rendered":"http:\/\/unikon-budownictwo.pl\/?page_id=87"},"modified":"2020-05-25T20:58:15","modified_gmt":"2020-05-25T18:58:15","slug":"o-firmie","status":"publish","type":"page","link":"https:\/\/unikon-budownictwo.pl\/en\/","title":{"rendered":"O firmie"},"content":{"rendered":"\t\t<div data-elementor-type=\"wp-post\" data-elementor-id=\"87\" class=\"elementor elementor-87\" data-elementor-settings=\"[]\">\n\t\t\t\t\t\t<div class=\"elementor-inner\">\n\t\t\t\t\t\t\t<div class=\"elementor-section-wrap\">\n\t\t\t\t\t\t\t<section class=\"has_eae_slider elementor-section elementor-top-section elementor-element elementor-element-fvpk14g elementor-section-stretched elementor-section-content-middle elementor-section-boxed elementor-section-height-default elementor-section-height-default\" data-id=\"fvpk14g\" data-element_type=\"section\" data-settings=\"{&quot;stretch_section&quot;:&quot;section-stretched&quot;,&quot;background_background&quot;:&quot;classic&quot;}\">\n\t\t\t\t\t\t<div class=\"elementor-container elementor-column-gap-default\">\n\t\t\t\t\t\t\t<div class=\"elementor-row\">\n\t\t\t\t\t<div class=\"has_eae_slider elementor-column elementor-col-100 elementor-top-column elementor-element elementor-element-l9srm54\" data-id=\"l9srm54\" data-element_type=\"column\">\n\t\t\t<div class=\"elementor-column-wrap elementor-element-populated\">\n\t\t\t\t\t\t\t<div class=\"elementor-widget-wrap\">\n\t\t\t\t\t\t<div class=\"elementor-element elementor-element-7kn2oki elementor-widget elementor-widget-heading\" data-id=\"7kn2oki\" data-element_type=\"widget\" data-widget_type=\"heading.default\">\n\t\t\t\t<div class=\"elementor-widget-container\">\n\t\t\t<h2 class=\"elementor-heading-title elementor-size-xxl\">O FIRMIE<\/h2>\t\t<\/div>\n\t\t\t\t<\/div>\n\t\t\t\t\t\t<\/div>\n\t\t\t\t\t<\/div>\n\t\t<\/div>\n\t\t\t\t\t\t\t\t<\/div>\n\t\t\t\t\t<\/div>\n\t\t<\/section>\n\t\t\t\t<section class=\"has_eae_slider elementor-section elementor-top-section elementor-element elementor-element-rg29l7z elementor-section-stretched elementor-section-boxed elementor-section-height-default elementor-section-height-default\" data-id=\"rg29l7z\" data-element_type=\"section\" data-settings=\"{&quot;stretch_section&quot;:&quot;section-stretched&quot;,&quot;background_background&quot;:&quot;classic&quot;}\">\n\t\t\t\t\t\t<div class=\"elementor-container elementor-column-gap-default\">\n\t\t\t\t\t\t\t<div class=\"elementor-row\">\n\t\t\t\t\t<div class=\"has_eae_slider elementor-column elementor-col-100 elementor-top-column elementor-element elementor-element-95neakk\" data-id=\"95neakk\" data-element_type=\"column\">\n\t\t\t<div class=\"elementor-column-wrap elementor-element-populated\">\n\t\t\t\t\t\t\t<div class=\"elementor-widget-wrap\">\n\t\t\t\t\t\t<div class=\"elementor-element elementor-element-z1lbnlt elementor-widget elementor-widget-text-editor\" data-id=\"z1lbnlt\" data-element_type=\"widget\" data-widget_type=\"text-editor.default\">\n\t\t\t\t<div class=\"elementor-widget-container\">\n\t\t\t\t\t<div class=\"elementor-text-editor elementor-clearfix\"><p style=\"text-align: center;\"><span style=\"font-weight: 400;\"><br><\/span><\/p><p style=\"text-align: center;\"><span style=\"font-weight: 400;\">G\u0142\u00f3wnym zakresem dzia\u0142alno\u015bci naszej firmy s\u0105 us\u0142ugi projektowe dla budownictwa,&nbsp;<\/span><span style=\"font-weight: 400;\">w obszarze konstrukcji budowlanych. Dzi\u0119ki \u015bcis\u0142ej wsp\u00f3\u0142pracy z architektami&nbsp;<\/span><span style=\"font-weight: 400;\">oraz pozosta\u0142ymi projektantami bran\u017cowymi (instalacje sanitarne, instalacje elektryczne, drogownictwo) mo\u017cemy zaoferowa\u0107 kompleksowe wykonanie ka\u017cdego projektu budowlanego i wykonawczego z zakresu zar\u00f3wno budownictwa jednorodzinnego, wielorodzinnego jak i &nbsp;budownictwa przemys\u0142owego.<\/span><\/p>\n<p style=\"text-align: center;\"><span style=\"font-weight: 400;\">Posiadane oprogramowanie pozwala nam pracowa\u0107 na modelach przestrzennych, umo\u017cliwiaj\u0105c precyzyjne projektowanie obiekt\u00f3w zoptymalizowanych dla maksymalnego obni\u017cenia koszt\u00f3w wykonania, zachowuj\u0105c przy tym wszelkie wymagane normy bezpiecze\u0144stwa.&nbsp;<\/span><\/p>\n<p style=\"text-align: center;\"><span style=\"font-weight: 400;\">Gwarantujemy Pa\u0144stwu \u015bwiadczenie us\u0142ug projektowych na najwy\u017cszym poziomie!<\/span><\/p>\n<p><\/p>\n<p style=\"text-align: center;\"><strong>Wsp\u00f3\u0142pracujemy z wieloma firmami wykonawczymi.<\/strong><\/p><p style=\"text-align: center;\"><strong><br><\/strong><\/p><p style=\"text-align: center;\"><strong><br><\/strong><\/p>\n<p style=\"text-align: center;\"><strong><br><\/strong><\/p>\n<p style=\"text-align: center;\"><strong><br><\/strong><\/p>\n<p style=\"text-align: center;\"><strong><br><\/strong><\/p>\n<p style=\"text-align: center;\"><strong><br><\/strong><\/p>\n<p style=\"text-align: center;\"><strong><br><\/strong><\/p><\/div>\n\t\t\t\t<\/div>\n\t\t\t\t<\/div>\n\t\t\t\t\t\t<\/div>\n\t\t\t\t\t<\/div>\n\t\t<\/div>\n\t\t\t\t\t\t\t\t<\/div>\n\t\t\t\t\t<\/div>\n\t\t<\/section>\n\t\t\t\t<section class=\"has_eae_slider elementor-section elementor-top-section elementor-element elementor-element-btugmsq elementor-section-content-top elementor-section-boxed elementor-section-height-default elementor-section-height-default\" data-id=\"btugmsq\" data-element_type=\"section\">\n\t\t\t\t\t\t<div class=\"elementor-container elementor-column-gap-default\">\n\t\t\t\t\t\t\t<div class=\"elementor-row\">\n\t\t\t\t\t<div class=\"has_eae_slider elementor-column elementor-col-100 elementor-top-column elementor-element elementor-element-e6f8ca2\" data-id=\"e6f8ca2\" data-element_type=\"column\">\n\t\t\t<div class=\"elementor-column-wrap\">\n\t\t\t\t\t\t\t<div class=\"elementor-widget-wrap\">\n\t\t\t\t\t\t\t\t<\/div>\n\t\t\t\t\t<\/div>\n\t\t<\/div>\n\t\t\t\t\t\t\t\t<\/div>\n\t\t\t\t\t<\/div>\n\t\t<\/section>\n\t\t\t\t<section class=\"has_eae_slider elementor-section elementor-top-section elementor-element elementor-element-e9zqvcs elementor-section-boxed elementor-section-height-default elementor-section-height-default\" data-id=\"e9zqvcs\" data-element_type=\"section\">\n\t\t\t\t\t\t<div class=\"elementor-container elementor-column-gap-default\">\n\t\t\t\t\t\t\t<div class=\"elementor-row\">\n\t\t\t\t\t<div class=\"has_eae_slider elementor-column elementor-col-100 elementor-top-column elementor-element elementor-element-9bc0ffe\" data-id=\"9bc0ffe\" data-element_type=\"column\">\n\t\t\t<div class=\"elementor-column-wrap\">\n\t\t\t\t\t\t\t<div class=\"elementor-widget-wrap\">\n\t\t\t\t\t\t\t\t<\/div>\n\t\t\t\t\t<\/div>\n\t\t<\/div>\n\t\t\t\t\t\t\t\t<\/div>\n\t\t\t\t\t<\/div>\n\t\t<\/section>\n\t\t\t\t\t\t<\/div>\n\t\t\t\t\t\t<\/div>\n\t\t\t\t\t<\/div>\n\t\t","protected":false},"excerpt":{"rendered":"<p>O FIRMIE G\u0142\u00f3wnym zakresem dzia\u0142alno\u015bci naszej firmy s\u0105 us\u0142ugi projektowe dla budownictwa,&nbsp;w obszarze konstrukcji budowlanych. Dzi\u0119ki \u015bcis\u0142ej wsp\u00f3\u0142pracy z architektami&nbsp;oraz pozosta\u0142ymi projektantami bran\u017cowymi (instalacje sanitarne, instalacje elektryczne, drogownictwo) mo\u017cemy zaoferowa\u0107 kompleksowe wykonanie ka\u017cdego projektu budowlanego i wykonawczego z zakresu zar\u00f3wno budownictwa jednorodzinnego, wielorodzinnego jak i &nbsp;budownictwa przemys\u0142owego. Posiadane oprogramowanie pozwala nam pracowa\u0107 na modelach przestrzennych, umo\u017cliwiaj\u0105c precyzyjne projektowanie obiekt\u00f3w zoptymalizowanych dla maksymalnego obni\u017cenia koszt\u00f3w wykonania, zachowuj\u0105c przy tym wszelkie wymagane normy bezpiecze\u0144stwa.&nbsp; Gwarantujemy Pa\u0144stwu \u015bwiadczenie us\u0142ug projektowych na najwy\u017cszym poziomie! Wsp\u00f3\u0142pracujemy z wieloma firmami wykonawczymi.<\/p>\n","protected":false},"author":1,"featured_media":0,"parent":0,"menu_order":0,"comment_status":"closed","ping_status":"closed","template":"full-width.php","meta":{"footnotes":""},"class_list":["post-87","page","type-page","status-publish","hentry"],"yoast_head":"<!-- This site is optimized with the Yoast SEO plugin v15.8 - https:\/\/yoast.com\/wordpress\/plugins\/seo\/ -->\n<title>Unikon Budownictwo - Us\u0142ugi projektowe dla budownictwa<\/title>\n<meta name=\"description\" content=\"G\u0142\u00f3wnym zakresem dzia\u0142alno\u015bci naszej firmy s\u0105 us\u0142ugi projektowe dla budownictwa,\u00a0w obszarze konstrukcji budowlanych.\" \/>\n<meta name=\"robots\" content=\"index, follow, max-snippet:-1, max-image-preview:large, max-video-preview:-1\" \/>\n<link rel=\"canonical\" href=\"https:\/\/unikon-budownictwo.pl\/en\/\" \/>\n<meta property=\"og:locale\" content=\"en_US\" \/>\n<meta property=\"og:type\" content=\"article\" \/>\n<meta property=\"og:title\" content=\"Unikon Budownictwo - Us\u0142ugi projektowe dla budownictwa\" \/>\n<meta property=\"og:description\" content=\"G\u0142\u00f3wnym zakresem dzia\u0142alno\u015bci naszej firmy s\u0105 us\u0142ugi projektowe dla budownictwa,\u00a0w obszarze konstrukcji budowlanych.\" \/>\n<meta property=\"og:url\" content=\"https:\/\/unikon-budownictwo.pl\/en\/\" \/>\n<meta property=\"og:site_name\" content=\"My CMS\" \/>\n<meta property=\"article:modified_time\" content=\"2020-05-25T18:58:15+00:00\" \/>\n<meta name=\"twitter:card\" content=\"summary\" \/>\n<meta name=\"twitter:label1\" content=\"Est. reading time\">\n\t<meta name=\"twitter:data1\" content=\"1 minute\">\n<script type=\"application\/ld+json\" class=\"yoast-schema-graph\">{\"@context\":\"https:\/\/schema.org\",\"@graph\":[{\"@type\":\"WebSite\",\"@id\":\"https:\/\/unikon-budownictwo.pl\/en\/#website\",\"url\":\"https:\/\/unikon-budownictwo.pl\/en\/\",\"name\":\"My CMS\",\"description\":\"\",\"potentialAction\":[{\"@type\":\"SearchAction\",\"target\":\"https:\/\/unikon-budownictwo.pl\/en\/?s={search_term_string}\",\"query-input\":\"required name=search_term_string\"}],\"inLanguage\":\"en-US\"},{\"@type\":\"WebPage\",\"@id\":\"https:\/\/unikon-budownictwo.pl\/en\/#webpage\",\"url\":\"https:\/\/unikon-budownictwo.pl\/en\/\",\"name\":\"Unikon Budownictwo - Us\\u0142ugi projektowe dla budownictwa\",\"isPartOf\":{\"@id\":\"https:\/\/unikon-budownictwo.pl\/en\/#website\"},\"datePublished\":\"2017-03-13T09:26:44+00:00\",\"dateModified\":\"2020-05-25T18:58:15+00:00\",\"description\":\"G\\u0142\\u00f3wnym zakresem dzia\\u0142alno\\u015bci naszej firmy s\\u0105 us\\u0142ugi projektowe dla budownictwa,\\u00a0w obszarze konstrukcji budowlanych.\",\"breadcrumb\":{\"@id\":\"https:\/\/unikon-budownictwo.pl\/en\/#breadcrumb\"},\"inLanguage\":\"en-US\",\"potentialAction\":[{\"@type\":\"ReadAction\",\"target\":[\"https:\/\/unikon-budownictwo.pl\/en\/\"]}]},{\"@type\":\"BreadcrumbList\",\"@id\":\"https:\/\/unikon-budownictwo.pl\/en\/#breadcrumb\",\"itemListElement\":[{\"@type\":\"ListItem\",\"position\":1,\"item\":{\"@type\":\"WebPage\",\"@id\":\"https:\/\/unikon-budownictwo.pl\/en\/\",\"url\":\"https:\/\/unikon-budownictwo.pl\/en\/\",\"name\":\"Strona g\\u0142\\u00f3wna\"}},{\"@type\":\"ListItem\",\"position\":2,\"item\":{\"@type\":\"WebPage\",\"@id\":\"https:\/\/unikon-budownictwo.pl\/en\/\",\"url\":\"https:\/\/unikon-budownictwo.pl\/en\/\",\"name\":\"O firmie\"}}]}]}<\/script>\n<!-- \/ Yoast SEO plugin. -->","_links":{"self":[{"href":"https:\/\/unikon-budownictwo.pl\/en\/wp-json\/wp\/v2\/pages\/87","targetHints":{"allow":["GET"]}}],"collection":[{"href":"https:\/\/unikon-budownictwo.pl\/en\/wp-json\/wp\/v2\/pages"}],"about":[{"href":"https:\/\/unikon-budownictwo.pl\/en\/wp-json\/wp\/v2\/types\/page"}],"author":[{"embeddable":true,"href":"https:\/\/unikon-budownictwo.pl\/en\/wp-json\/wp\/v2\/users\/1"}],"replies":[{"embeddable":true,"href":"https:\/\/unikon-budownictwo.pl\/en\/wp-json\/wp\/v2\/comments?post=87"}],"version-history":[{"count":178,"href":"https:\/\/unikon-budownictwo.pl\/en\/wp-json\/wp\/v2\/pages\/87\/revisions"}],"predecessor-version":[{"id":834,"href":"https:\/\/unikon-budownictwo.pl\/en\/wp-json\/wp\/v2\/pages\/87\/revisions\/834"}],"wp:attachment":[{"href":"https:\/\/unikon-budownictwo.pl\/en\/wp-json\/wp\/v2\/media?parent=87"}],"curies":[{"name":"wp","href":"https:\/\/api.w.org\/{rel}","templated":true}]}}